{"id":3,"date":"2007-08-10T07:20:20","date_gmt":"2007-08-10T05:20:20","guid":{"rendered":"http:\/\/www.husaro.se\/hsf\/stadgar\/"},"modified":"2016-05-14T07:47:31","modified_gmt":"2016-05-14T05:47:31","slug":"dokument","status":"publish","type":"page","link":"http:\/\/www.husaro.se\/hsf\/dokument\/","title":{"rendered":"Dokument"},"content":{"rendered":"<p>H\u00e4r hittar du stadgar, protokoll fr\u00e5n \u00e5rsst\u00e4mmor samt andra dokument som kan vara av intresse. Samtliga dokumet \u00e4r i PDF-format. F\u00f6r att kunna l\u00e4sa PDF-dokument beh\u00f6ver du <a title=\"Ladda ned Acrobat Reader\" href=\"http:\/\/www.adobe.se\/products\/acrobat\/readstep.html\" target=\"_blank\">Acrobat Reader<\/a>.<\/p>\n<h2>Stadgar<\/h2>\n<p><a href=\"http:\/\/www.husaro.se\/hsf\/wp-content\/uploads\/stadgeandring2015.pdf\">\u00c4ndring av stadgarna 2015<\/a> |\u00a0<a href=\"http:\/\/www.husaro.se\/hsf\/wp-content\/uploads\/stadgar2007.pdf\">\u00c4ndring av stadgar 2007<\/a> |\u00a0\u00a0<a href=\"http:\/\/www.husaro.se\/hsf\/wp-content\/uploads\/2007\/08\/stadgar20060429.pdf\">Stadgar<\/a><\/p>\n<h2>\u00c5rsst\u00e4mmor<\/h2>\n<p><a href=\"http:\/\/www.husaro.se\/hsf\/wp-content\/uploads\/Sta\u0308mmoprotokoll-2016-underskrivet.pdf\">\u00c5rsst\u00e4mma 2016-04-23<\/a> |\u00a0<a href=\"http:\/\/www.husaro.se\/hsf\/wp-content\/uploads\/HSF-St\u00e4mmoprotokoll-2015.pdf\">\u00c5rsst\u00e4mma 2015-04-26<\/a>\u00a0|\u00a0<a href=\"http:\/\/www.husaro.se\/hsf\/wp-content\/uploads\/Protokoll-Extrast\u00e4mman-2014.pdf\">Extrast\u00e4mma S1 2014-08-31<\/a>\u00a0| <a href=\"http:\/\/www.husaro.se\/hsf\/wp-content\/uploads\/St\u00e4mmoprotokoll-2014.pdf\">\u00c5rsst\u00e4mma 2014-04-27<\/a>\u00a0|\u00a0<a href=\"http:\/\/www.husaro.se\/hsf\/wp-content\/uploads\/Protokoll-Extrast\u00e4mma-S1-h\u00f6st-13.pdf\">Extrast\u00e4mma S1 2013-09-28<\/a>\u00a0|\u00a0<a href=\"http:\/\/www.husaro.se\/hsf\/wp-content\/uploads\/St\u00e4mmoprotokoll-2012.pdf\">\u00c5rsst\u00e4mma 2012-04-30<\/a> |\u00a0<a href=\"http:\/\/www.husaro.se\/hsf\/wp-content\/uploads\/HSF_Stamma_2011-04-301.pdf\">\u00c5rsst\u00e4mma 2011-04-30<\/a>\u00a0| <a href=\"http:\/\/www.husaro.se\/hsf\/wp-content\/uploads\/HSF-St\u00e4mmoprotokoll-2010-04-24.pdf\">\u00c5rsst\u00e4mma 2010-04-24<\/a>|\u00a0<a href=\"http:\/\/www.husaro.se\/hsf\/wp-content\/uploads\/HSF-2009-\u00e5rsst\u00e4mma.pdf\">\u00c5rsst\u00e4mma 2009-04-29<\/a>\u00a0|\u00a0<a href=\"http:\/\/www.husaro.se\/hsf\/wp-content\/uploads\/2008\/06\/20080624155454308ex.pdf\">\u00c5rsst\u00e4mma 2008-06-07<\/a> | <a title=\"Protokoll extrast\u00e4mma 2007-12-19\" href=\"http:\/\/www.husaro.se\/hsf\/wp-content\/uploads\/2008\/01\/20080107122340430.pdf\">Extrast\u00e4mma 2007-12-19<\/a> |<a title=\"\u00c5rsst\u00e4mma 2007\" href=\"http:\/\/www.husaro.se\/hsf\/wp-content\/uploads\/2007\/08\/20070701arsstamma.pdf\">\u00c5rsst\u00e4mma 2007<\/a> | <a title=\"Extrast\u00e4mma 20061118\" href=\"http:\/\/www.husaro.se\/hsf\/wp-content\/uploads\/2007\/08\/20061118_extrastamma.pdf\">Extrast\u00e4mma 2006-11-18<\/a> | <a title=\"Bilaga 1 extrast\u00e4mma 20061118\" href=\"http:\/\/www.husaro.se\/hsf\/wp-content\/uploads\/2007\/08\/20061118_extrastammabil1.pdf\">Bilaga 1 extrast\u00e4mma 2006-11-18<\/a> | <a title=\"Bilaga 2 extrast\u00e4mma 20061118\" href=\"http:\/\/www.husaro.se\/hsf\/wp-content\/uploads\/2007\/08\/20061118_extrastammabil2.pdf\">Bilaga 2 extrast\u00e4mma 2006-11-18<\/a> | <a title=\"Extra \u00e5rsst\u00e4mma 20060730\" href=\"http:\/\/www.husaro.se\/hsf\/wp-content\/uploads\/2007\/08\/20060730arsstamma.pdf\">Extra \u00e5rsst\u00e4mma 2006-07-30<\/a> | <a title=\"\u00c5rsst\u00e4mma 2006\" href=\"http:\/\/www.husaro.se\/hsf\/wp-content\/uploads\/2007\/08\/hsf_arsstamma_20060429.pdf\">\u00c5rsst\u00e4mma 2006<\/a><\/p>\n<h2>Verksamhetsber\u00e4ttelser<\/h2>\n<p><a title=\"Verksamhetsber\u00e4ttelse 2007\" href=\"http:\/\/www.husaro.se\/hsf\/wp-content\/uploads\/2007\/08\/2007-_verksamhetsberattelse.pdf\">Verksamhetsber\u00e4ttelse 2007<\/a><\/p>\n<h2><\/h2>\n<h2>\u00d6vriga dokument<\/h2>\n<p><a title=\"Karta \u00f6ver GA:6\" href=\"http:\/\/www.husaro.se\/hsf\/wp-content\/uploads\/2007\/08\/karta_ga6_2006.pdf\">Karta \u00f6ver GA:6<\/a> | <a title=\"V\u00e4gnamnskarta\" href=\"http:\/\/www.husaro.se\/hsf\/wp-content\/uploads\/2007\/08\/vagnamnskarta.pdf\">V\u00e4gnamnskarta<\/a><\/p>\n","protected":false},"excerpt":{"rendered":"<p>H\u00e4r hittar du stadgar, protokoll fr\u00e5n \u00e5rsst\u00e4mmor samt andra dokument som kan vara av intresse. Samtliga dokumet \u00e4r i PDF-format. F\u00f6r att kunna l\u00e4sa PDF-dokument beh\u00f6ver du Acrobat Reader. Stadgar \u00c4ndring av stadgarna 2015 |\u00a0\u00c4ndring av stadgar 2007 |\u00a0\u00a0Stadgar \u00c5rsst\u00e4mmor \u00c5rsst\u00e4mma 2016-04-23 |\u00a0\u00c5rsst\u00e4mma 2015-04-26\u00a0|\u00a0Extrast\u00e4mma S1 2014-08-31\u00a0| \u00c5rsst\u00e4mma 2014-04-27\u00a0|\u00a0Extrast\u00e4mma S1 2013-09-28\u00a0|\u00a0\u00c5rsst\u00e4mma &hellip;<\/p>\n","protected":false},"author":1,"featured_media":0,"parent":0,"menu_order":0,"comment_status":"closed","ping_status":"open","template":"","meta":{"jetpack_post_was_ever_published":false,"footnotes":""},"class_list":["post-3","page","type-page","status-publish","hentry"],"jetpack_shortlink":"https:\/\/wp.me\/P1rxml-3","jetpack_sharing_enabled":true,"_links":{"self":[{"href":"http:\/\/www.husaro.se\/hsf\/wp-json\/wp\/v2\/pages\/3","targetHints":{"allow":["GET"]}}],"collection":[{"href":"http:\/\/www.husaro.se\/hsf\/wp-json\/wp\/v2\/pages"}],"about":[{"href":"http:\/\/www.husaro.se\/hsf\/wp-json\/wp\/v2\/types\/page"}],"author":[{"embeddable":true,"href":"http:\/\/www.husaro.se\/hsf\/wp-json\/wp\/v2\/users\/1"}],"replies":[{"embeddable":true,"href":"http:\/\/www.husaro.se\/hsf\/wp-json\/wp\/v2\/comments?post=3"}],"version-history":[{"count":6,"href":"http:\/\/www.husaro.se\/hsf\/wp-json\/wp\/v2\/pages\/3\/revisions"}],"predecessor-version":[{"id":556,"href":"http:\/\/www.husaro.se\/hsf\/wp-json\/wp\/v2\/pages\/3\/revisions\/556"}],"wp:attachment":[{"href":"http:\/\/www.husaro.se\/hsf\/wp-json\/wp\/v2\/media?parent=3"}],"curies":[{"name":"wp","href":"https:\/\/api.w.org\/{rel}","templated":true}]}}