{"id":630,"date":"2018-06-02T08:49:59","date_gmt":"2018-06-02T06:49:59","guid":{"rendered":"http:\/\/www.husaro.se\/hsf\/?page_id=630"},"modified":"2018-06-03T10:21:39","modified_gmt":"2018-06-03T08:21:39","slug":"gdpr","status":"publish","type":"page","link":"http:\/\/www.husaro.se\/hsf\/gdpr\/","title":{"rendered":"Husar\u00f6 Samf\u00e4llighetsf\u00f6rening och hanteringen av personuppgifter i enlighet med f\u00f6rordning GPDR"},"content":{"rendered":"<p><strong>\u00a0<\/strong>Den 25 maj 2018 tr\u00e4dde en EU-gemensam f\u00f6rordning av personuppgifter i kraft (GPDR). Den ers\u00e4tter PuL, den svenska personuppgiftslagen, som tr\u00e4dde i kraft 1998 och som reglerar hantering av personuppgifter.<\/p>\n<p>Husar\u00f6 Samf\u00e4llighetsf\u00f6rening behandlar och lagrar endast absolut n\u00f6dv\u00e4ndiga uppgifter om f\u00f6reningens medlemmar, som Fastighet, Fastighets\u00e4gare och Adressuppgifter.<\/p>\n<p>Husar\u00f6 Samf\u00e4llighetsf\u00f6rening anv\u00e4nder medlemmars personuppgifter f\u00f6r f\u00f6reningens arbete med kommunikation och f\u00f6r utdebitering.<\/p>\n<p>F\u00f6reningen l\u00e4mnar inte uppgifterna vidare.<\/p>\n<p>Husar\u00f6 Samf\u00e4llighetsf\u00f6rening till\u00e4mpar enligt GPDRs uppgiftsminimering, dvs f\u00f6reningen tar endast in den information som \u00e4r absolut n\u00f6dv\u00e4ndig f\u00f6r att kunna uppr\u00e4tth\u00e5lla den verksamhet som bedrivs av f\u00f6reningen och den kommunikation som \u00e4r n\u00f6dv\u00e4ndig f\u00f6r f\u00f6reningens medlemmar.<\/p>\n<p>Den information, som Husar\u00f6 Samf\u00e4llighetsf\u00f6rening beh\u00f6ver om medlemmarna, beskrivs ovan. Inga andra uppgifter registreras och lagras.<\/p>\n<p>Medlemmens personuppgifter raderas s\u00e5 snart f\u00f6reningen f\u00e5r vetskap om att personen inte l\u00e4ngre \u00e4r medlem i Husar\u00f6 Samf\u00e4llighetsf\u00f6rening.<\/p>\n","protected":false},"excerpt":{"rendered":"<p>\u00a0Den 25 maj 2018 tr\u00e4dde en EU-gemensam f\u00f6rordning av personuppgifter i kraft (GPDR). Den ers\u00e4tter PuL, den svenska personuppgiftslagen, som tr\u00e4dde i kraft 1998 och som reglerar hantering av personuppgifter. Husar\u00f6 Samf\u00e4llighetsf\u00f6rening behandlar och lagrar endast absolut n\u00f6dv\u00e4ndiga uppgifter om f\u00f6reningens medlemmar, som Fastighet, Fastighets\u00e4gare och Adressuppgifter. Husar\u00f6 Samf\u00e4llighetsf\u00f6rening anv\u00e4nder &hellip;<\/p>\n","protected":false},"author":1,"featured_media":0,"parent":0,"menu_order":0,"comment_status":"closed","ping_status":"closed","template":"","meta":{"jetpack_post_was_ever_published":false,"footnotes":""},"class_list":["post-630","page","type-page","status-publish","hentry"],"jetpack_shortlink":"https:\/\/wp.me\/P1rxml-aa","jetpack_sharing_enabled":true,"_links":{"self":[{"href":"http:\/\/www.husaro.se\/hsf\/wp-json\/wp\/v2\/pages\/630","targetHints":{"allow":["GET"]}}],"collection":[{"href":"http:\/\/www.husaro.se\/hsf\/wp-json\/wp\/v2\/pages"}],"about":[{"href":"http:\/\/www.husaro.se\/hsf\/wp-json\/wp\/v2\/types\/page"}],"author":[{"embeddable":true,"href":"http:\/\/www.husaro.se\/hsf\/wp-json\/wp\/v2\/users\/1"}],"replies":[{"embeddable":true,"href":"http:\/\/www.husaro.se\/hsf\/wp-json\/wp\/v2\/comments?post=630"}],"version-history":[{"count":3,"href":"http:\/\/www.husaro.se\/hsf\/wp-json\/wp\/v2\/pages\/630\/revisions"}],"predecessor-version":[{"id":635,"href":"http:\/\/www.husaro.se\/hsf\/wp-json\/wp\/v2\/pages\/630\/revisions\/635"}],"wp:attachment":[{"href":"http:\/\/www.husaro.se\/hsf\/wp-json\/wp\/v2\/media?parent=630"}],"curies":[{"name":"wp","href":"https:\/\/api.w.org\/{rel}","templated":true}]}}